{"id":5337,"date":"2021-04-24T13:52:54","date_gmt":"2021-04-24T13:52:54","guid":{"rendered":"https:\/\/gioiacasa.ch\/camera-in-un-bellissimo-attico\/"},"modified":"2021-07-03T08:36:57","modified_gmt":"2021-07-03T08:36:57","slug":"camera-2","status":"publish","type":"page","link":"https:\/\/gioiacasa.ch\/it\/camera-2\/","title":{"rendered":"Camera 2"},"content":{"rendered":"<div class=\"wpb-content-wrapper\"><p>[vc_row][vc_column][vc_column_text]<\/p>\n<style>.button {<br \/>  background-color: #E7AD44;<br \/>  border: none;<br \/>  color: white;<br \/>  padding: 15px 32px;<br \/>  text-align: center;<br \/>  text-decoration: none;<br \/>  display: inline-block;<br \/>  font-size: 16px;<br \/>  margin: 4px 2px;<br \/>  cursor: pointer;<br \/>}<br \/><span data-mce-type=\"bookmark\" style=\"display: inline-block; width: 0px; overflow: hidden; line-height: 0;\" class=\"mce_SELRES_start\">\ufeff<\/span><\/style>\n<p style=\"text-align: center;\"><a class=\"button\" href=\"https:\/\/gioiacasa.ch\/it\/appartamento-e-camere\/\">&lt;- Indietro<\/a><\/p>\n<p>[\/vc_column_text][\/vc_column][\/vc_row][vc_row][vc_column][vc_separator color=&#8221;custom&#8221; el_width=&#8221;70&#8243; accent_color=&#8221;#e7ad44&#8243;][\/vc_column][\/vc_row][vc_row][vc_column width=&#8221;4\/6&#8243;][vc_column_text]<\/p>\n<h1><span style=\"color: black;\"><strong>Informazioni sulla camera<\/strong><\/span><\/h1>\n<p>[\/vc_column_text][vc_column_text]<\/p>\n<div class=\"_15pb00k\">\n<p>La camera \u00e8 dotata di un letto singolo (espandibile da 80&#215;200 a 160&#215;200), una scrivania e offre un ampio bagno esterno con WC, doccia e bidet. Se prenotata singolarmente, il soggiorno e la cucina sono aree comuni e pertanto anche disponibili anche ad altri ospiti.<\/p>\n<p>Nel soggiorno, oltre a poltrone, divano e al tavolo da pranzo, c&#8217;\u00e8 un pianoforte a mezza coda che pu\u00f2 essere usato a orari prestabiliti.<\/p>\n<p>Al piano terra si trova il Ristorante Pizzeria Ticino, gestito dalla famiglia proprietaria.<\/p>\n<p>L&#8217;appartamento in cui si trova la camera \u00e8 situato a Novazzano ed \u00e8 a una distanza relativamente breve da Lugano (25 km) e Como (10 km).<\/p>\n<p>&nbsp;<\/p>\n<p>&nbsp;<\/p>\n<\/div>\n<p>[\/vc_column_text][\/vc_column][vc_column width=&#8221;2\/6&#8243;][vc_empty_space][vc_images_carousel images=&#8221;5194,5188,5191,5212,5209,5125,5128,5131,5134,5137,5140,5227,5224,5221,5218,5197,5200,5203&#8243; img_size=&#8221;500&#215;300&#8243; autoplay=&#8221;yes&#8221; hide_pagination_control=&#8221;yes&#8221; wrap=&#8221;yes&#8221;][\/vc_column][\/vc_row][vc_row][vc_column width=&#8221;2\/5&#8243;][vc_empty_space height=&#8221;26px&#8221;][vc_separator color=&#8221;custom&#8221; align=&#8221;align_right&#8221; el_width=&#8221;70&#8243; accent_color=&#8221;#e7ad44&#8243;][\/vc_column][vc_column width=&#8221;1\/5&#8243;][vc_column_text]<\/p>\n<style>.button {<br \/>  background-color: #E7AD44;<br \/>  border: none;<br \/>  color: white;<br \/>  padding: 15px 32px;<br \/>  text-align: center;<br \/>  text-decoration: none;<br \/>  display: inline-block;<br \/>  font-size: 16px;<br \/>  margin: 4px 2px;<br \/>  cursor: pointer;<br \/>}<br \/><span data-mce-type=\"bookmark\" style=\"display: inline-block; width: 0px; overflow: hidden; line-height: 0;\" class=\"mce_SELRES_start\">\ufeff<\/span><\/style>\n<p style=\"text-align: center;\"><a class=\"button\" href=\"https:\/\/gioiacasa.ch\/it\/richiesta\/\">Richiesta prenotazione<\/a><\/p>\n<p>[\/vc_column_text][\/vc_column][vc_column width=&#8221;2\/5&#8243;][vc_empty_space height=&#8221;26px&#8221;][vc_separator color=&#8221;custom&#8221; align=&#8221;align_left&#8221; el_width=&#8221;70&#8243; accent_color=&#8221;#e7ad44&#8243;][\/vc_column][\/vc_row][vc_row][vc_column width=&#8221;1\/3&#8243;][vc_column_text]<\/p>\n<div class=\"_aujnou\">\n<div class=\"_1crk6cd\">\n<div class=\"_aujnou\">\n<div class=\"_1crk6cd\">\n<h3 class=\"_14i3z6h\">Informazioni generali<\/h3>\n<p>Check-in dalle 16.00<br \/>\nCheck-out alle 10.00<\/p>\n<p>Saluto personale per la consegna delle chiavi e la visita dell&#8217;appartamento<\/p>\n<h3 class=\"_14i3z6h\">Attrezzatura per il bagno<\/h3>\n<\/div>\n<div class=\"_1dotkqq\">\n<div class=\"_vzrbjl\">Asciugacapelli<\/div>\n<div class=\"_vzrbjl\">Asciugamani da bagno<\/div>\n<div class=\"_vzrbjl\">Sapone per le mani<\/div>\n<div class=\"_vzrbjl\">Carta igienica<\/div>\n<\/div>\n<\/div>\n<div class=\"_aujnou\">\n<div>\n<div class=\"_7qp4lh\"><\/div>\n<\/div>\n<\/div>\n<div class=\"_aujnou\">\n<div class=\"_1crk6cd\">\n<h3 class=\"_14i3z6h\">Attrezzatura camera da letto<\/h3>\n<\/div>\n<div class=\"_1dotkqq\">\n<div class=\"_vzrbjl\">\n<p>Biancheria da letto<br \/>\nAppendiabiti<\/p>\n<\/div>\n<\/div>\n<div>\n<div class=\"_7qp4lh\"><\/div>\n<\/div>\n<\/div>\n<div class=\"_aujnou\">\n<div class=\"_1crk6cd\">\n<h3 class=\"_14i3z6h\">Per famiglie<\/h3>\n<\/div>\n<div class=\"_1dotkqq\">\n<div class=\"_vzrbjl\">Seggiolone<\/div>\n<\/div>\n<div>\n<div class=\"_7qp4lh\"><\/div>\n<\/div>\n<div class=\"_1dotkqq\">\n<div class=\"_vzrbjl\">Libri e giocattoli per bambini<\/div>\n<\/div>\n<div>\n<div class=\"_7qp4lh\"><\/div>\n<\/div>\n<div class=\"_1dotkqq\">\n<div class=\"_vzrbjl\">Letto da viaggio per bambini<\/div>\n<\/div>\n<\/div>\n<\/div>\n<\/div>\n<p>[\/vc_column_text][\/vc_column][vc_column width=&#8221;1\/3&#8243;][vc_column_text]<\/p>\n<div class=\"_aujnou\">\n<div class=\"_1crk6cd\">\n<div class=\"_1crk6cd\">\n<div class=\"_aujnou\">\n<div class=\"_1crk6cd\">\n<h3 class=\"_14i3z6h\">Intorno all&#8217;alloggio<\/h3>\n<\/div>\n<div class=\"_1dotkqq\">\n<div class=\"_vzrbjl\">\n<div class=\"_1fuoz48\">\n<p>Ingresso privato al 2\u00b0 piano, accessibile solo tramite scale<\/p>\n<p>Viviamo al 1\u00b0 piano e siamo felici di rispondere a qualsiasi domanda, tranne il luned\u00ec.<\/p>\n<p>Al piano terra si trova il nostro Ristorante Pizzeria Ticino, che \u00e8 aperto dal marted\u00ec alla domenica dalle 17:00 alle 22:00\/23:00.<\/p>\n<p>Parcheggio vicino alla piazza del paese, (gratuito da luned\u00ec a venerd\u00ec sempre 2 ore, dalle 19.00 alle 8.00 e tutto il fine settimana). Se \u00e8 necessaria una carta di parcheggio, questa sar\u00e0 organizzata da noi.<\/p>\n<\/div>\n<\/div>\n<\/div>\n<\/div>\n<h3 class=\"_14i3z6h\">Attrezzatura soggiorno<\/h3>\n<\/div>\n<div class=\"_1dotkqq\"><\/div>\n<div>\n<div class=\"_7qp4lh\">WLAN<\/div>\n<div>Aria condizionata<\/div>\n<div>Pianoforte<\/div>\n<div>Divani<\/div>\n<div>Tavolo da pranzo estensibile<\/div>\n<\/div>\n<\/div>\n<\/div>\n<p>[\/vc_column_text][\/vc_column][vc_column width=&#8221;1\/3&#8243;][vc_column_text]<\/p>\n<div class=\"_aujnou\">\n<div class=\"_1crk6cd\">\n<div class=\"_1crk6cd\">\n<div class=\"_1crk6cd\">\n<h3 class=\"_14i3z6h\">Speciale<\/h3>\n<\/div>\n<div>\n<div class=\"_7qp4lh\">Rilevatori di fumo e vari ventilatori nelle camere da letto<\/div>\n<\/div>\n<h3 class=\"_14i3z6h\">Attrezzatura cucina<\/h3>\n<\/div>\n<div class=\"_1dotkqq\">\n<div class=\"_vzrbjl\"><\/div>\n<\/div>\n<div class=\"_1dotkqq\"><\/div>\n<div class=\"_1dotkqq\">\n<div class=\"_vzrbjl\">\n<div class=\"_1fuoz48\">Frigorifero<\/div>\n<div>Fornello<\/div>\n<div>Forno<\/div>\n<div>Microonde<\/div>\n<div>Bollitore<\/div>\n<div>Macchina da caff\u00e8 (Moka)<\/div>\n<div>Tavolo da pranzo<\/div>\n<div>Utensili da cucina<\/div>\n<div>Stoviglie e posate<\/div>\n<div>Asciugamani e stracci<\/div>\n<div>Sapone per le mani<\/div>\n<div>Detersivo per lavare i piatti<\/div>\n<div>Carta per uso domestico<\/div>\n<div>Film trasparente<\/div>\n<div><\/div>\n<div>(Attenzione: niente cibo, anche niente sale e pepe)<\/div>\n<\/div>\n<\/div>\n<div>\n<div class=\"_7qp4lh\"><\/div>\n<\/div>\n<\/div>\n<\/div>\n<p>[\/vc_column_text][\/vc_column][\/vc_row][vc_row][vc_column][vc_text_separator title=&#8221;<strong>Panoramica delle camere<\/strong>&#8221; color=&#8221;custom&#8221; el_width=&#8221;70&#8243; accent_color=&#8221;#e7ad44&#8243;][\/vc_column][\/vc_row][vc_row][vc_column width=&#8221;1\/3&#8243;][vc_column_text]<\/p>\n<h4 style=\"text-align: center;\"><strong>Bellissimo attico con 3 camere<\/strong><\/h4>\n<p style=\"text-align: center;\"><img decoding=\"async\" class=\"aligncenter\" src=\"https:\/\/gioiacasa.ch\/wp-content\/uploads\/2021\/04\/IMG_3829-min-1-scaled-1024x683.jpg\" alt=\"\" \/><\/p>\n<p style=\"text-align: center;\">Situato a Novazzano nella regione del Canton Ticino, gioiAcasa dispone di una piccola veranda. Questo appartamento offre anche la connessione Wi-Fi gratuita.<br \/>\nL&#8217;appartamento&#8230;<\/p>\n<p style=\"text-align: center;\"><a class=\"button\" href=\"https:\/\/gioiacasa.ch\/it\/appartamento\/\">Ulteriori info<\/a><\/p>\n<p>[\/vc_column_text][\/vc_column][vc_column width=&#8221;1\/3&#8243;][vc_column_text]<\/p>\n<h4 style=\"text-align: center;\"><strong>Camera 1: Camera doppia<\/strong><\/h4>\n<p style=\"text-align: center;\"><img decoding=\"async\" class=\"aligncenter\" src=\"https:\/\/gioiacasa.ch\/wp-content\/uploads\/2021\/04\/Zimmer-1_01-min-scaled-1024x683.jpg\" alt=\"\" \/><\/p>\n<p style=\"text-align: center;\">La camera \u00e8 dotata di 2 letti singoli, con un sotto letto estraibile opzionale e ha un WC\/doccia diretto in una piccola stanza adiacente. Per le prenotazioni singole sono&#8230;<\/p>\n<p style=\"text-align: center;\"><a class=\"button\" href=\"https:\/\/gioiacasa.ch\/it\/camera-1\/\">Ulteriori info<\/a><\/p>\n<p>[\/vc_column_text][\/vc_column][vc_column width=&#8221;1\/3&#8243;][vc_column_text]<\/p>\n<h4 style=\"text-align: center;\"><strong>Camera 3: Camera doppia mansardata<\/strong><\/h4>\n<p style=\"text-align: center;\"><img decoding=\"async\" class=\"aligncenter\" src=\"https:\/\/gioiacasa.ch\/wp-content\/uploads\/2021\/04\/IMG_3880-min-scaled-1024x683.jpg\" alt=\"\" \/><\/p>\n<p style=\"text-align: center;\">La camera \u00e8 dotata di 2 letti singoli, un letto inferiore estraibile opzionale e ha un WC\/doccia diretto in una piccola stanza adiacente. La camera offre anche una scrivania e&#8230;<\/p>\n<p style=\"text-align: center;\"><a class=\"button\" href=\"https:\/\/gioiacasa.ch\/it\/camera-3\/\">Ulteriori info<\/a><\/p>\n<p>[\/vc_column_text][\/vc_column][\/vc_row]<\/p>\n<\/div>","protected":false},"excerpt":{"rendered":"<p>[vc_row][vc_column][vc_column_text] &lt;- Indietro [\/vc_column_text][\/vc_column][\/vc_row][vc_row][vc_column][vc_separator color=&#8221;custom&#8221; el_width=&#8221;70&#8243; accent_color=&#8221;#e7ad44&#8243;][\/vc_column][\/vc_row][vc_row][vc_column width=&#8221;4\/6&#8243;][vc_column_text] Informazioni sulla&#8230;<\/p>\n","protected":false},"author":1,"featured_media":0,"parent":0,"menu_order":0,"comment_status":"closed","ping_status":"closed","template":"","meta":{"om_disable_all_campaigns":false,"_monsterinsights_skip_tracking":false,"_monsterinsights_sitenote_active":false,"_monsterinsights_sitenote_note":"","_monsterinsights_sitenote_category":0,"footnotes":""},"class_list":["post-5337","page","type-page","status-publish","hentry"],"aioseo_notices":[],"_links":{"self":[{"href":"https:\/\/gioiacasa.ch\/it\/wp-json\/wp\/v2\/pages\/5337","targetHints":{"allow":["GET"]}}],"collection":[{"href":"https:\/\/gioiacasa.ch\/it\/wp-json\/wp\/v2\/pages"}],"about":[{"href":"https:\/\/gioiacasa.ch\/it\/wp-json\/wp\/v2\/types\/page"}],"author":[{"embeddable":true,"href":"https:\/\/gioiacasa.ch\/it\/wp-json\/wp\/v2\/users\/1"}],"replies":[{"embeddable":true,"href":"https:\/\/gioiacasa.ch\/it\/wp-json\/wp\/v2\/comments?post=5337"}],"version-history":[{"count":12,"href":"https:\/\/gioiacasa.ch\/it\/wp-json\/wp\/v2\/pages\/5337\/revisions"}],"predecessor-version":[{"id":5550,"href":"https:\/\/gioiacasa.ch\/it\/wp-json\/wp\/v2\/pages\/5337\/revisions\/5550"}],"wp:attachment":[{"href":"https:\/\/gioiacasa.ch\/it\/wp-json\/wp\/v2\/media?parent=5337"}],"curies":[{"name":"wp","href":"https:\/\/api.w.org\/{rel}","templated":true}]}}