{"id":4422,"date":"2021-04-08T16:56:59","date_gmt":"2021-04-08T16:56:59","guid":{"rendered":"https:\/\/gioiacasa.ch\/ristorante\/"},"modified":"2021-04-10T13:27:39","modified_gmt":"2021-04-10T13:27:39","slug":"ristorante","status":"publish","type":"page","link":"https:\/\/gioiacasa.ch\/it\/ristorante\/","title":{"rendered":"Ristorante"},"content":{"rendered":"<div class=\"wpb-content-wrapper\"><p>[vc_row][vc_column][vc_empty_space height=&#8221;45px&#8221;]\n\t<div class=\"thim-sc-heading  \" >\n\t\t<div class=\"article_heading \">\n\t\t\t<p class=\"heading_primary\"  >Benvenuti nel<\/p>\n\t\t\t<h3  class=\"heading_secondary\">Ristorante Ticino<\/h3>\n\t\t\t \n\t\t\t\n\t\t<\/div>\n\t<\/div>[vc_empty_space height=&#8221;25px&#8221;][\/vc_column][\/vc_row][vc_row css=&#8221;.vc_custom_1476086385327{margin-bottom: 20px !important;}&#8221;][vc_column width=&#8221;1\/2&#8243;][vc_wp_text el_class=&#8221;line-height-normal&#8221;]Il ristorante Ticino \u00e8 stato aperto nel 1970 dalla famiglia Sergi. Dopo diversi cambiamenti negli ultimi anni, l&#8217;attivit\u00e0 \u00e8 stata rilevata nel marzo 2019 dai nuovi proprietari della propriet\u00e0, la famiglia Lustenberger.<\/p>\n<p>Il Ristorante Ticino fa parte della profimusic gmbh, con sede a Novazzano (Ticino), fondata nel 2004 e attiva in modo diversificato nel settore dei media. La profimusic gmbh comprende anche il servizio media e l&#8217;etichetta profimedia. Con l&#8217;etichetta hanno gi\u00e0 potuto celebrare tra l&#8217;altro molti successi charter, contratti internazionali, cos\u00ec come premi d&#8217;oro e di platino. (<a href=\"https:\/\/www.profimedia.ch\/\" target=\"_blank\" rel=\"noopener noreferrer\">pi\u00f9 informazioni<\/a>).<\/p>\n<p>All&#8217;ultimo piano del Ristorante Ticino si trova la gioiaAcasa, una pensione privata gestita dalla famiglia Lustenberger. (<a href=\"https:\/\/gioiacasa.ch\/it\/\" target=\"_blank\" rel=\"noopener noreferrer\">pi\u00f9 informazioni<\/a>).<\/p>\n<p>Insieme al lavoro di profimedia e di gioiAcasa, il ristorante forma un&#8217;unit\u00e0 di incontro, ricreazione, arte, cultura ed esperienze culinarie. Il ristorante \u00e8 gestito da Michelle Lustenberger, insieme a una meravigliosa squadra di familiari e personale. Il Ristorante Ticino vuole essere un luogo dove i suoi visitatori si sentano a casa e sentano la passione non solo per il buon cibo e le bevande, ma anche per la comunit\u00e0 e l&#8217;arte. Ecco perch\u00e9 il Ristorante Ticino organizza di tanto in tanto anche degli eventi culturali in collaborazione con profimedia.[\/vc_wp_text][\/vc_column][vc_column width=&#8221;1\/2&#8243;][vc_wp_text el_class=&#8221;line-height-normal&#8221;]Il nostro Pizzaiolo prepara con piacere la vostra pizza nel forno a legna e delizia i nostri ospiti con creazioni speciali e pizze stagionali. L&#8217;inizio di una splendida serata \u00e8 dato dai nostri sorprendenti aperitivi con ingredienti selezionati della regione. La nostra offerta comprende anche specialit\u00e0 tipiche ticinesi come diverse varianti di polenta, risotto e pasta fresca, che vengono preparate esclusivamente con prodotti della regione. Anche i nostri piccoli ospiti non mancano: i nostri menu per bambini, come tutti i nostri piatti, sono preparati con amore.<br \/>\n<a href=\"https:\/\/www.ristoranteticino.ch\/?page_id=69\" target=\"_blank\" rel=\"noopener noreferrer\">Scopri il nostro menu<\/a><\/p>\n<p>State pianificando un evento speciale come una festa di compleanno o un evento aziendale? Il nostro team sar\u00e0 lieto di consigliarvi nell&#8217;organizzazione e di aiutarvi a creare un evento indimenticabile nel Ristorante Ticino. Abbiamo anche una piccola sala per le riunioni.<\/p>\n<p>Non vediamo l&#8217;ora di accogliervi nel nostro ristorante e di farvi diventare parte della nostra storia![\/vc_wp_text][\/vc_column][\/vc_row][vc_row full_width=&#8221;stretch_row&#8221; content_placement=&#8221;middle&#8221; parallax=&#8221;content-moving&#8221; css=&#8221;.vc_custom_1550783334436{padding-top: 250px !important;padding-bottom: 250px !important;background-image: url(https:\/\/gioiacasa.ch\/wp-content\/uploads\/2019\/02\/italian-cuisine-2378729-klein.jpg?id=3816) !important;background-position: center;background-repeat: no-repeat !important;background-size: cover !important;}&#8221;][vc_column][vc_btn title=&#8221;Sito Web Ristorante Ticino&#8221; style=&#8221;3d&#8221; shape=&#8221;round&#8221; color=&#8221;white&#8221; size=&#8221;lg&#8221; align=&#8221;center&#8221; css_animation=&#8221;fadeInDown&#8221; link=&#8221;url:https%3A%2F%2Fwww.ristoranteticino.ch%2F|target:%20_blank|&#8221;][\/vc_column][\/vc_row]<\/p>\n<\/div>","protected":false},"excerpt":{"rendered":"<p>[vc_row][vc_column][vc_empty_space height=&#8221;45px&#8221;][vc_empty_space height=&#8221;25px&#8221;][\/vc_column][\/vc_row][vc_row css=&#8221;.vc_custom_1476086385327{margin-bottom: 20px !important;}&#8221;][vc_column width=&#8221;1\/2&#8243;][vc_wp_text el_class=&#8221;line-height-normal&#8221;]Il ristorante Ticino&#8230;<\/p>\n","protected":false},"author":1,"featured_media":0,"parent":0,"menu_order":0,"comment_status":"closed","ping_status":"closed","template":"","meta":{"om_disable_all_campaigns":false,"_monsterinsights_skip_tracking":false,"_monsterinsights_sitenote_active":false,"_monsterinsights_sitenote_note":"","_monsterinsights_sitenote_category":0,"footnotes":""},"class_list":["post-4422","page","type-page","status-publish","hentry"],"aioseo_notices":[],"_links":{"self":[{"href":"https:\/\/gioiacasa.ch\/it\/wp-json\/wp\/v2\/pages\/4422","targetHints":{"allow":["GET"]}}],"collection":[{"href":"https:\/\/gioiacasa.ch\/it\/wp-json\/wp\/v2\/pages"}],"about":[{"href":"https:\/\/gioiacasa.ch\/it\/wp-json\/wp\/v2\/types\/page"}],"author":[{"embeddable":true,"href":"https:\/\/gioiacasa.ch\/it\/wp-json\/wp\/v2\/users\/1"}],"replies":[{"embeddable":true,"href":"https:\/\/gioiacasa.ch\/it\/wp-json\/wp\/v2\/comments?post=4422"}],"version-history":[{"count":4,"href":"https:\/\/gioiacasa.ch\/it\/wp-json\/wp\/v2\/pages\/4422\/revisions"}],"predecessor-version":[{"id":4788,"href":"https:\/\/gioiacasa.ch\/it\/wp-json\/wp\/v2\/pages\/4422\/revisions\/4788"}],"wp:attachment":[{"href":"https:\/\/gioiacasa.ch\/it\/wp-json\/wp\/v2\/media?parent=4422"}],"curies":[{"name":"wp","href":"https:\/\/api.w.org\/{rel}","templated":true}]}}