{"id":4405,"date":"2021-04-08T16:37:38","date_gmt":"2021-04-08T16:37:38","guid":{"rendered":"https:\/\/gioiacasa.ch\/attivita\/"},"modified":"2021-05-22T12:55:57","modified_gmt":"2021-05-22T12:55:57","slug":"attivita","status":"publish","type":"page","link":"https:\/\/gioiacasa.ch\/it\/attivita\/","title":{"rendered":"Attivit\u00e0"},"content":{"rendered":"<div class=\"wpb-content-wrapper\"><p>[vc_row][vc_column][vc_empty_space][vc_separator][vc_empty_space][\/vc_column][\/vc_row][vc_row][vc_column width=&#8221;1\/2&#8243;][vc_column_text]<b>Monte Generoso<\/b><\/p>\n<p>Nel mezzo di una riserva naturale conosciuta oltre i confini della Svizzera, il Monte Generoso si erge in modo impressionante. Maestosamente troneggiante sull&#8217;altopiano roccioso \u00e8 il nuovo edificio &#8220;Fiore di pietra&#8221;, costruito dal famoso architetto Mario Botta, nelle cui finestre si riflette il panorama mozzafiato. Due finestre inondate di luce&#8230;<\/p>\n<p><a href=\"https:\/\/www.montegeneroso.ch\/it\" target=\"_blank\" rel=\"noopener\">al sito<\/a>[\/vc_column_text][\/vc_column][vc_column width=&#8221;1\/2&#8243;][vc_single_image image=&#8221;5389&#8243; alignment=&#8221;center&#8221; onclick=&#8221;img_link_large&#8221;][\/vc_column][\/vc_row][vc_row][vc_column][vc_empty_space][vc_separator][vc_empty_space][\/vc_column][\/vc_row][vc_row][vc_column width=&#8221;1\/2&#8243;][vc_column_text]<strong>Monte San Giorgio<\/strong><\/p>\n<p>A pochi passi dalla stazione a monte della funicolare a 933 m, su una terrazza naturale baciata dal sole sopra il lago Ceresio con vista su tutto il golfo di Lugano, si pu\u00f2 godere del meraviglioso panorama prealpino. Questa vista mozzafiato arriva fino al Monte Rosa e alle Alpi Bernesi e Vallesane.<\/p>\n<p><a href=\"http:\/\/www.montesangiorgio.org\/it\/\" target=\"_blank\" rel=\"noopener\">al sito<\/a>[\/vc_column_text][\/vc_column][vc_column width=&#8221;1\/2&#8243;][vc_single_image image=&#8221;5386&#8243; alignment=&#8221;center&#8221;][\/vc_column][\/vc_row][vc_row][vc_column][vc_empty_space][vc_separator][vc_empty_space][\/vc_column][\/vc_row][vc_row][vc_column width=&#8221;1\/2&#8243;][vc_column_text]<strong>Monte San Salvatore<\/strong><\/p>\n<p>Dalla cima, un sentiero escursionistico scende a Ciona (Carona) o a Pazzallo e Paradiso. Conduce attraverso un paesaggio naturale intatto e rilassante e in vari punti di osservazione offre la vista di un magnifico panorama. Quelli che sono un po&#8217; pi\u00f9 sportivi e coraggiosi, e che hanno anche l&#8217;attrezzatura adeguata, possono praticare l&#8217;arrampicata sulla &#8220;via ferrata&#8221;.<\/p>\n<p><a href=\"https:\/\/www.montesansalvatore.ch\/\" target=\"_blank\" rel=\"noopener\">al sito<\/a>[\/vc_column_text][\/vc_column][vc_column width=&#8221;1\/2&#8243;][vc_single_image image=&#8221;4148&#8243; alignment=&#8221;center&#8221;][\/vc_column][\/vc_row][vc_row][vc_column][vc_empty_space][vc_separator][vc_empty_space][\/vc_column][\/vc_row][vc_row][vc_column width=&#8221;1\/2&#8243;][vc_column_text]<strong>Escursione al punto pi\u00f9 meridionale della Svizzera<\/strong><\/p>\n<p>Bella escursione circolare da Seseglio attraverso vigneti e foreste fino al punto pi\u00f9 meridionale della Svizzera. Dolci colline e pittoreschi villaggi di viticoltori caratterizzano la punta meridionale della Svizzera. Il Mendrisiotto \u00e8 famoso per i suoi vini Merlot di alta qualit\u00e0. Il percorso circolare inizia e termina nella frazione di Seseglio, ai piedi del&#8230;<\/p>\n<p><a href=\"https:\/\/www.wanderungen.ch\/de\/touren\/wanderungen\/tessin\/Seseglio-Laghetto-Pedrinate-S%20Stefano.html?tour=1569\" target=\"_blank\" rel=\"noopener\">al sito<\/a>[\/vc_column_text][\/vc_column][vc_column width=&#8221;1\/2&#8243;][vc_single_image image=&#8221;5403&#8243; alignment=&#8221;center&#8221;][\/vc_column][\/vc_row][vc_row][vc_column][vc_empty_space][vc_separator][vc_empty_space][\/vc_column][\/vc_row][vc_row][vc_column width=&#8221;1\/2&#8243;][vc_column_text]<strong>Parco San Grato<\/strong><\/p>\n<p>Il parco botanico ha un ambiente naturale unico che d\u00e0 al visitatore l&#8217;impressione di entrare in un mondo incantato dove i colori e i profumi danno un&#8217;esperienza indimenticabile&#8230;<\/p>\n<p><a href=\"https:\/\/parcosangrato.ch\/it\/benvenuti-al-parco-san-grato\" target=\"_blank\" rel=\"noopener\">al sito<\/a>[\/vc_column_text][\/vc_column][vc_column width=&#8221;1\/2&#8243;][vc_single_image image=&#8221;5406&#8243; alignment=&#8221;center&#8221;][\/vc_column][\/vc_row][vc_row][vc_column][vc_empty_space][vc_separator][vc_empty_space][\/vc_column][\/vc_row][vc_row][vc_column width=&#8221;1\/2&#8243;][vc_column_text]<strong>Sauriermuseum und Ausgrabungen Tremona<\/strong><\/p>\n<p>Una visita alla nostra zona e al Museo dei Fossili vi permetter\u00e0 di scoprire il fascino di un mondo estinto da pi\u00f9 di 200 milioni di anni. Il Monte San Giorgio \u00e8 uno dei depositi fossili pi\u00f9 importanti del mondo del Triassico Medio, un periodo geologico che va da 247 a 237 milioni di anni prima di oggi. I fossili della montagna, noti per la loro diversit\u00e0,&#8230;<\/p>\n<p><a href=\"https:\/\/www.museodeifossili.ch\/index.html\">al sito<\/a>[\/vc_column_text][\/vc_column][vc_column width=&#8221;1\/2&#8243;][vc_single_image image=&#8221;5406&#8243; alignment=&#8221;center&#8221;][\/vc_column][\/vc_row][vc_row][vc_column][vc_empty_space][vc_separator][vc_empty_space][\/vc_column][\/vc_row][vc_row][vc_column width=&#8221;1\/2&#8243;][vc_column_text]<strong>Swissminiatur<\/strong><\/p>\n<p>Swissminiatur \u00e8 il pi\u00f9 grande museo di miniature all&#8217;aperto della Svizzera.<br \/>\nIl parco si trova a Melide sulle rive del lago di Lugano, circondato dall&#8217;impressionante scenario montano del Monte Generoso, del Monte San Salvatore e del Monte San Giorgio; quest&#8217;ultimo \u00e8 un patrimonio mondiale dell&#8217;UNESCO. Godetevi un po&#8217; di tempo in un ambiente armonioso e naturale.<\/p>\n<p><a href=\"https:\/\/www.swissminiatur.ch\/\" target=\"_blank\" rel=\"noopener\">al sito<\/a>[\/vc_column_text][\/vc_column][vc_column width=&#8221;1\/2&#8243;][vc_single_image image=&#8221;4132&#8243; alignment=&#8221;center&#8221; onclick=&#8221;img_link_large&#8221;][\/vc_column][\/vc_row][vc_row][vc_column][vc_empty_space][vc_separator][vc_empty_space][\/vc_column][\/vc_row][vc_row][vc_column width=&#8221;1\/2&#8243;][vc_column_text]<strong>Galleria Baumgartner<\/strong><\/p>\n<p>Treni giocattolo di tutti i tempi, curiosi esemplari unici, fedeli all&#8217;originale, amorevolmente lavorati a mano e modelli replicati permettono un&#8217;escursione &#8211; un giro in treno! &#8211; nella storia ferroviaria svizzera e internazionale.<\/p>\n<p><a href=\"https:\/\/www.galleriabaumgartner.ch\/\" target=\"_blank\" rel=\"noopener\">al sito<\/a>[\/vc_column_text][\/vc_column][vc_column width=&#8221;1\/2&#8243;][vc_single_image image=&#8221;4145&#8243; alignment=&#8221;center&#8221; onclick=&#8221;img_link_large&#8221;][\/vc_column][\/vc_row][vc_row][vc_column][vc_empty_space][vc_separator][vc_empty_space][\/vc_column][\/vc_row][vc_row][vc_column width=&#8221;1\/2&#8243;][vc_column_text]<strong>FoxTown<\/strong><\/p>\n<p>Il pi\u00f9 grande Factory Store del Sud Europa, si trova a Mendrisio, a soli 15 km da Lugano, dove 160 negozi, con 250 marchi, offrono abbigliamento, abbigliamento sportivo, elettrodomestici, accessori moda e articoli da regalo a prezzi convenienti, con sconti tutto l&#8217;anno dal 30% al 70%.<\/p>\n<p><a href=\"https:\/\/www.foxtown.com\/\" target=\"_blank\" rel=\"noopener\">al sito<\/a>[\/vc_column_text][\/vc_column][vc_column width=&#8221;1\/2&#8243;][vc_single_image image=&#8221;4152&#8243; alignment=&#8221;center&#8221;][\/vc_column][\/vc_row][vc_row][vc_column][vc_empty_space][vc_separator][vc_empty_space][\/vc_column][\/vc_row][vc_row][vc_column width=&#8221;1\/2&#8243;][vc_column_text]<strong>Ristorante Ticino<\/strong><\/p>\n<p>Il ristorante \u00e8 gestito da Michelle Lustenberger, insieme a una meravigliosa squadra di familiari e personale. Il Ristorante Ticino vuole essere un luogo dove i suoi visitatori si sentano a casa e sentano la passione non solo per il buon cibo e le bevande, ma anche per la comunit\u00e0 e l&#8217;arte. Per questo il Ristorante Ticino organizza di tanto in tanto anche eventi culturali in collaborazione con profimedia.<\/p>\n<p><a href=\"https:\/\/www.ristoranteticino.ch\/\" target=\"_blank\" rel=\"noopener\">al sito<\/a>[\/vc_column_text][\/vc_column][vc_column width=&#8221;1\/2&#8243;][vc_single_image image=&#8221;4210&#8243; alignment=&#8221;center&#8221;][\/vc_column][\/vc_row]<\/p>\n<\/div>","protected":false},"excerpt":{"rendered":"<p>[vc_row][vc_column][vc_empty_space][vc_separator][vc_empty_space][\/vc_column][\/vc_row][vc_row][vc_column width=&#8221;1\/2&#8243;][vc_column_text]Monte Generoso Nel mezzo di una riserva naturale conosciuta&#8230;<\/p>\n","protected":false},"author":1,"featured_media":0,"parent":0,"menu_order":0,"comment_status":"closed","ping_status":"closed","template":"","meta":{"om_disable_all_campaigns":false,"_monsterinsights_skip_tracking":false,"_monsterinsights_sitenote_active":false,"_monsterinsights_sitenote_note":"","_monsterinsights_sitenote_category":0,"footnotes":""},"class_list":["post-4405","page","type-page","status-publish","hentry"],"aioseo_notices":[],"_links":{"self":[{"href":"https:\/\/gioiacasa.ch\/it\/wp-json\/wp\/v2\/pages\/4405","targetHints":{"allow":["GET"]}}],"collection":[{"href":"https:\/\/gioiacasa.ch\/it\/wp-json\/wp\/v2\/pages"}],"about":[{"href":"https:\/\/gioiacasa.ch\/it\/wp-json\/wp\/v2\/types\/page"}],"author":[{"embeddable":true,"href":"https:\/\/gioiacasa.ch\/it\/wp-json\/wp\/v2\/users\/1"}],"replies":[{"embeddable":true,"href":"https:\/\/gioiacasa.ch\/it\/wp-json\/wp\/v2\/comments?post=4405"}],"version-history":[{"count":4,"href":"https:\/\/gioiacasa.ch\/it\/wp-json\/wp\/v2\/pages\/4405\/revisions"}],"predecessor-version":[{"id":5459,"href":"https:\/\/gioiacasa.ch\/it\/wp-json\/wp\/v2\/pages\/4405\/revisions\/5459"}],"wp:attachment":[{"href":"https:\/\/gioiacasa.ch\/it\/wp-json\/wp\/v2\/media?parent=4405"}],"curies":[{"name":"wp","href":"https:\/\/api.w.org\/{rel}","templated":true}]}}